{"id":547,"date":"2024-07-29T11:16:21","date_gmt":"2024-07-29T14:16:21","guid":{"rendered":"https:\/\/wordpressdes.vanzolini.org.br:8008\/?page_id=547"},"modified":"2024-08-26T16:43:28","modified_gmt":"2024-08-26T19:43:28","slug":"formacoes-presenciais-e-on-line-com-a-fundacion-mapfre","status":"publish","type":"page","link":"https:\/\/efape.educacao.sp.gov.br\/convivasp\/formacoes-presenciais-e-on-line-com-a-fundacion-mapfre\/","title":{"rendered":"Forma\u00e7\u00f5es presenciais e on-line com a Fundaci\u00f3n Mapfre"},"content":{"rendered":"","protected":false},"excerpt":{"rendered":"","protected":false},"author":17,"featured_media":0,"parent":0,"menu_order":0,"comment_status":"closed","ping_status":"closed","template":"templates\/template-nossa-atuacao-atividades.php","meta":{"_acf_changed":false,"inline_featured_image":false,"footnotes":""},"yst_prominent_words":[],"class_list":["post-547","page","type-page","status-publish","hentry"],"acf":[],"_links":{"self":[{"href":"https:\/\/efape.educacao.sp.gov.br\/convivasp\/wp-json\/wp\/v2\/pages\/547"}],"collection":[{"href":"https:\/\/efape.educacao.sp.gov.br\/convivasp\/wp-json\/wp\/v2\/pages"}],"about":[{"href":"https:\/\/efape.educacao.sp.gov.br\/convivasp\/wp-json\/wp\/v2\/types\/page"}],"author":[{"embeddable":true,"href":"https:\/\/efape.educacao.sp.gov.br\/convivasp\/wp-json\/wp\/v2\/users\/17"}],"replies":[{"embeddable":true,"href":"https:\/\/efape.educacao.sp.gov.br\/convivasp\/wp-json\/wp\/v2\/comments?post=547"}],"version-history":[{"count":1,"href":"https:\/\/efape.educacao.sp.gov.br\/convivasp\/wp-json\/wp\/v2\/pages\/547\/revisions"}],"predecessor-version":[{"id":7782,"href":"https:\/\/efape.educacao.sp.gov.br\/convivasp\/wp-json\/wp\/v2\/pages\/547\/revisions\/7782"}],"wp:attachment":[{"href":"https:\/\/efape.educacao.sp.gov.br\/convivasp\/wp-json\/wp\/v2\/media?parent=547"}],"wp:term":[{"taxonomy":"yst_prominent_words","embeddable":true,"href":"https:\/\/efape.educacao.sp.gov.br\/convivasp\/wp-json\/wp\/v2\/yst_prominent_words?post=547"}],"curies":[{"name":"wp","href":"https:\/\/api.w.org\/{rel}","templated":true}]}}