{"id":1803,"date":"2025-12-10T14:56:21","date_gmt":"2025-12-10T17:56:21","guid":{"rendered":"https:\/\/efape.educacao.sp.gov.br\/educacaoespecial\/?page_id=1803"},"modified":"2025-12-10T14:58:30","modified_gmt":"2025-12-10T17:58:30","slug":"boletim","status":"publish","type":"page","link":"https:\/\/efape.educacao.sp.gov.br\/educacaoespecial\/boletim\/","title":{"rendered":"Boletim"},"content":{"rendered":"\t\t<div data-elementor-type=\"wp-page\" data-elementor-id=\"1803\" class=\"elementor elementor-1803\">\n\t\t\t\t<section class=\"elementor-element elementor-element-8cf53df e-flex e-con-boxed e-con e-parent\" data-id=\"8cf53df\" data-element_type=\"container\" data-e-type=\"container\" data-settings=\"{&quot;background_background&quot;:&quot;classic&quot;}\">\n\t\t\t\t\t<div class=\"e-con-inner\">\n\t\t<div class=\"elementor-element elementor-element-d2557c0 e-con-full div-txt-header-boletim e-flex e-con e-child\" data-id=\"d2557c0\" data-element_type=\"container\" data-e-type=\"container\">\n\t\t\t\t<div class=\"elementor-element elementor-element-e33d0b7 elementor-widget elementor-widget-heading\" data-id=\"e33d0b7\" data-element_type=\"widget\" data-e-type=\"widget\" data-widget_type=\"heading.default\">\n\t\t\t\t\t<p class=\"elementor-heading-title elementor-size-default\">boletim do gabinete<\/p>\t\t\t\t<\/div>\n\t\t\t\t<div class=\"elementor-element elementor-element-624606a txt-header-boletim elementor-widget elementor-widget-text-editor\" data-id=\"624606a\" data-element_type=\"widget\" data-e-type=\"widget\" data-widget_type=\"text-editor.default\">\n\t\t\t\t\t\t\t\t\t<p>Toda sexta-feira, a <strong>Diretoria de Educa\u00e7\u00e3o Especial e Inclus\u00e3o de S\u00e3o Paulo<\/strong> compartilha as principais novidades da Rede de Ensino: atualiza\u00e7\u00f5es do trabalho realizado nas escolas, hist\u00f3rias inspiradoras e novas perspectivas sobre inclus\u00e3o.<\/p><p><strong>Acompanhe e mantenha-se informado.<\/strong><\/p>\t\t\t\t\t\t\t\t<\/div>\n\t\t\t\t<\/div>\n\t\t\t\t<div class=\"elementor-element elementor-element-07125f0 elementor-absolute img-header-boletim elementor-widget elementor-widget-image\" data-id=\"07125f0\" data-element_type=\"widget\" data-e-type=\"widget\" data-settings=\"{&quot;_position&quot;:&quot;absolute&quot;}\" data-widget_type=\"image.default\">\n\t\t\t\t\t\t\t\t\t\t\t\t\t\t\t<img decoding=\"async\" src=\"https:\/\/efape.educacao.sp.gov.br\/educacaoespecial\/wp-content\/uploads\/elementor\/thumbs\/hero_capas2-rfyni1ik89irss89jnl286fdkezwvczmue2ldawqgc.png\" title=\"hero_capas2\" alt=\"hero_capas2\" loading=\"lazy\" \/>\t\t\t\t\t\t\t\t\t\t\t\t\t\t\t<\/div>\n\t\t\t\t\t<\/div>\n\t\t\t\t<\/section>\n\t\t<section class=\"elementor-element elementor-element-1edd67c e-con-full e-flex e-con e-parent\" data-id=\"1edd67c\" data-element_type=\"container\" data-e-type=\"container\">\n\t\t\t\t<div class=\"elementor-element elementor-element-d2aca25 elementor-widget elementor-widget-elementor-boletim-destaque\" data-id=\"d2aca25\" data-element_type=\"widget\" data-e-type=\"widget\" data-widget_type=\"elementor-boletim-destaque.default\">\n\t\t\t\t<div class=\"elementor-widget-container\">\n\t\t\t\t\t                <div class=\"boletim-destaque mt-5\">\n                    <div class=\"container-fluid sombra\">\n                        <div class=\"container\">\n                            <div class=\"row align-items-center linha-boletim-destaque\">\n                                <div class=\"col-lg-4 text-center order-lg-1 order-md-2 order-sm-2 mb-4 mb-lg-0\">\n                                    <div class=\"moldura-boletim-destaque mx-auto\">\n                                                                                    <img fetchpriority=\"high\" decoding=\"async\" width=\"304\" height=\"403\" src=\"https:\/\/efape.educacao.sp.gov.br\/educacaoespecial\/wp-content\/uploads\/2026\/03\/news_ed08_04032026-304x403.webp\" class=\"img-boletim-destaque wp-post-image\" alt=\"\" \/>                                                                            <\/div>\n                                <\/div>\n                                <div class=\"col-lg-5 order-lg-2 order-md-1 order-sm-1 pl-lg-5\">\n                                    <h2 class=\"titulo-pill\">Edi\u00e7\u00e3o da semana<\/h2>\n                                    <div class=\"titulo-holder\">\n                                        <h3 class=\"titulo-destaque\">Boletim Educa\u00e7\u00e3o Inclusiva <span>Edi\u00e7\u00e3o 8<\/span><\/h3>\n                                    <\/div>\n                                    <p class=\"data-edicao\">04 de mar\u00e7o de 2026<\/p>\n                                    <p class=\"descricao-boletim\">\u00c9 com enorme alegria que compartilhamos uma conquista muito especial para a nossa rede: em 2026, apresentamos o avatar\/mascote oficial da Diretoria de Educa\u00e7\u00e3o Especial e Inclus\u00e3o, desenvolvido por ningu\u00e9m menos que Heloisa, estudante da Escola Estadual Alferes Henrique Sammartino, URE Itapevi, da 1\u00ba s\u00e9rie do ensino m\u00e9dio, talentosa, criativa, sens\u00edvel - e uma potente representante da for\u00e7a e da express\u00e3o surda em nossa comunidade escolar.<\/p>\n                                    <a href=\"https:\/\/efape.educacao.sp.gov.br\/educacaoespecial\/boletins\/2026-comeca-com-uma-novidade-emocionante-nossa-diretoria-de-educacao-especial-e-inclusao-agora-tem-um-avatar-oficial-criado-por-uma-de-nossas-alunas\/\" target=\"_blank\" aria-label=\"Link para visualizar o boletim 2026 come\u00e7a com uma novidade emocionante: nossa Diretoria de Educa\u00e7\u00e3o Especial e Inclus\u00e3o agora tem um avatar oficial &#8211; criado por uma de nossas alunas\" class=\"btn-boletim-destaque\">Leia o boletim<\/a>\n                                <\/div>\n                            <\/div>\n                        <\/div>\n                    <\/div>\n                <\/div>\n                \t\t\t\t<\/div>\n\t\t\t\t<\/div>\n\t\t\t\t<\/section>\n\t\t<section class=\"elementor-element elementor-element-7f42f20 e-con-full e-flex e-con e-parent\" data-id=\"7f42f20\" data-element_type=\"container\" data-e-type=\"container\" data-settings=\"{&quot;background_background&quot;:&quot;classic&quot;}\">\n\t\t<div class=\"elementor-element elementor-element-fa4c39b e-flex e-con-boxed e-con e-child\" data-id=\"fa4c39b\" data-element_type=\"container\" data-e-type=\"container\">\n\t\t\t\t\t<div class=\"e-con-inner\">\n\t\t\t\t<div class=\"elementor-element elementor-element-011efb0 elementor-widget elementor-widget-elementor-boletim-listagem\" data-id=\"011efb0\" data-element_type=\"widget\" data-e-type=\"widget\" data-widget_type=\"elementor-boletim-listagem.default\">\n\t\t\t\t<div class=\"elementor-widget-container\">\n\t\t\t\t\t\n        <div class=\"grade-boletns__holder grade-boletins mb-5 py-5\">\n            <div class=\"container\">\n                <div class=\"row\">\n                    <div class=\"col-md-12 mb-3\">\n                        <h3 class=\"titulo-pill\">Edi\u00e7\u00f5es anteriores<\/h3>\n                        <h4 class=\"titulo-ed-ant\">Confira as edi\u00e7\u00f5es anteriores do boletim<\/h4>\n                        <p>Perdeu alguma edi\u00e7\u00e3o ou quer revisitar um tema? Sem problema. Toda sexta tem conte\u00fado novo. Use o filtro para encontrar rapidamente o que procura e navegue pelas publica\u00e7\u00f5es anteriores do Boletim do Gabinete.<\/p>\n                    <\/div>\n                <\/div>\n\n                <div class=\"row\">\n                    <div class=\"col-md-12 mb-5\">\n                        <form action=\"#\" id=\"formBoletins\" onsubmit=\"return false;\">\n                            <div class='d-none'>\n                                <input type=\"hidden\" name=\"pagina_atual\" value=\"1\" \/>\n                                <input type=\"hidden\" name=\"action\" value=\"boletim_listagem\" \/>\n                                <input type=\"hidden\" name=\"items_por_pagina\" value=\"12\" \/>\n                                <input type=\"hidden\" name=\"offset\" value=\"1\" \/>\n                            <\/div>\n                            <label for=\"busca_boletim\" class=\"sr-only\">\n                                <span>Campo de busca para boletins<\/span>\n                            <\/label>\n\n                            <div class='row no-gutters align-items-center'>\n                                <div class='col-md col-12 mb-2 mt-2'>\n                                    <span class='pr-md-2 pr-0 d-inline-block w-100'><input type=\"search\" class=\"w-100\" placeholder=\"Buscar por edi\u00e7\u00e3o, tema ou palavra-chave\" id=\"busca_boletim\" name=\"termo\" \/><\/span>\n                                <\/div>\n                                <div class='col-md-auto col-12 mb-2 mt-2'>\n                                    <span class='pr-md-2 pr-0 d-inline-block w-100'>\n                                        <div class=\"busca-boletins-data\">\n                                            <label for=\"busca_boletim_data\">\n                                                <span>Data:<\/span>\n                                            <\/label>\n                                            <div class=\"d-flex\">\n                                                <input type=\"text\" name=\"data_inicio\" id=\"busca_boletim_data_inicio\" autocomplete=\"off\" class=\"combo-data-inicio form-control form-control-sm\" placeholder=\"In\u00edcio\" aria-label=\"Selecionar uma data de in\u00edcio\"\/>\n                                                <input type=\"text\" name=\"data_fim\" id=\"busca_boletim_data_fim\" autocomplete=\"off\" class=\"combo-data-fim form-control form-control-sm\" placeholder=\"Fim\" aria-label=\"Selecionar uma data de fim\"\/>\n                                            <\/div>\n                                        <\/div>\n                                    <\/span>\n                                <\/div>\n                                <div class='col-auto mb-2 mt-2'>\n                                    <span class='pr-2 d-inline-block w-100'>\n                                        <button type=\"submit\" class=\"btn-form-boletim btn-buscar-boletim text-uppercase\">Buscar<\/button>\n                                    <\/span>\n                                <\/div>\n                                <div class='col-auto mb-2 mt-2'>\n                                    <span class='d-inline-block w-100'>\n                                        <button type=\"button\" class=\"btn-form-boletim btn-resetar-boletim text-uppercase\">Limpar Filtros<\/button>\n                                    <\/span>\n                                <\/div>\n                            <\/div>\n\n                        <\/form>\n                    <\/div>\n                <\/div>\n\n                <div class='boletins-resultado'>\n\n                <\/div>\n               \n            <\/div>\n        <\/div>\n        \t\t\t\t<\/div>\n\t\t\t\t<\/div>\n\t\t\t\t\t<\/div>\n\t\t\t\t<\/div>\n\t\t\t\t<\/section>\n\t\t\t\t<\/div>\n\t\t","protected":false},"excerpt":{"rendered":"<p>boletim do gabinete Toda sexta-feira, a Diretoria de Educa\u00e7\u00e3o Especial e Inclus\u00e3o de S\u00e3o Paulo compartilha as principais novidades da Rede de Ensino: atualiza\u00e7\u00f5es do trabalho realizado nas escolas, hist\u00f3rias inspiradoras e novas perspectivas sobre inclus\u00e3o. Acompanhe e mantenha-se informado. Edi\u00e7\u00f5es anteriores Confira as edi\u00e7\u00f5es anteriores do boletim Perdeu alguma edi\u00e7\u00e3o ou quer revisitar um [&hellip;]<\/p>\n","protected":false},"author":2,"featured_media":0,"parent":0,"menu_order":0,"comment_status":"closed","ping_status":"closed","template":"","meta":{"_acf_changed":false,"footnotes":""},"class_list":["post-1803","page","type-page","status-publish","hentry"],"acf":[],"yoast_head":"<!-- This site is optimized with the Yoast SEO plugin v27.3 - https:\/\/yoast.com\/product\/yoast-seo-wordpress\/ -->\n<title>Boletim - Educa\u00e7\u00e3o Especial<\/title>\n<meta name=\"robots\" content=\"index, follow, max-snippet:-1, max-image-preview:large, max-video-preview:-1\" \/>\n<link rel=\"canonical\" href=\"https:\/\/efape.educacao.sp.gov.br\/educacaoespecial\/boletim\/\" \/>\n<meta property=\"og:locale\" content=\"pt_BR\" \/>\n<meta property=\"og:type\" content=\"article\" \/>\n<meta property=\"og:title\" content=\"Boletim - Educa\u00e7\u00e3o Especial\" \/>\n<meta property=\"og:description\" content=\"boletim do gabinete Toda sexta-feira, a Diretoria de Educa\u00e7\u00e3o Especial e Inclus\u00e3o de S\u00e3o Paulo compartilha as principais novidades da Rede de Ensino: atualiza\u00e7\u00f5es do trabalho realizado nas escolas, hist\u00f3rias inspiradoras e novas perspectivas sobre inclus\u00e3o. Acompanhe e mantenha-se informado. Edi\u00e7\u00f5es anteriores Confira as edi\u00e7\u00f5es anteriores do boletim Perdeu alguma edi\u00e7\u00e3o ou quer revisitar um [&hellip;]\" \/>\n<meta property=\"og:url\" content=\"https:\/\/efape.educacao.sp.gov.br\/educacaoespecial\/boletim\/\" \/>\n<meta property=\"og:site_name\" content=\"Educa\u00e7\u00e3o Especial\" \/>\n<meta property=\"article:modified_time\" content=\"2025-12-10T17:58:30+00:00\" \/>\n<meta property=\"og:image\" content=\"https:\/\/efape.educacao.sp.gov.br\/educacaoespecial\/wp-content\/uploads\/elementor\/thumbs\/hero_capas2-rfyni1ik89irss89jnl286fdkezwvczmue2ldawqgc.png\" \/>\n<meta name=\"twitter:card\" content=\"summary_large_image\" \/>\n<meta name=\"twitter:label1\" content=\"Est. tempo de leitura\" \/>\n\t<meta name=\"twitter:data1\" content=\"1 minuto\" \/>\n<script type=\"application\/ld+json\" class=\"yoast-schema-graph\">{\"@context\":\"https:\\\/\\\/schema.org\",\"@graph\":[{\"@type\":\"WebPage\",\"@id\":\"https:\\\/\\\/efape.educacao.sp.gov.br\\\/educacaoespecial\\\/boletim\\\/\",\"url\":\"https:\\\/\\\/efape.educacao.sp.gov.br\\\/educacaoespecial\\\/boletim\\\/\",\"name\":\"Boletim - Educa\u00e7\u00e3o Especial\",\"isPartOf\":{\"@id\":\"https:\\\/\\\/efape.educacao.sp.gov.br\\\/educacaoespecial\\\/#website\"},\"primaryImageOfPage\":{\"@id\":\"https:\\\/\\\/efape.educacao.sp.gov.br\\\/educacaoespecial\\\/boletim\\\/#primaryimage\"},\"image\":{\"@id\":\"https:\\\/\\\/efape.educacao.sp.gov.br\\\/educacaoespecial\\\/boletim\\\/#primaryimage\"},\"thumbnailUrl\":\"https:\\\/\\\/efape.educacao.sp.gov.br\\\/educacaoespecial\\\/wp-content\\\/uploads\\\/elementor\\\/thumbs\\\/hero_capas2-rfyni1ik89irss89jnl286fdkezwvczmue2ldawqgc.png\",\"datePublished\":\"2025-12-10T17:56:21+00:00\",\"dateModified\":\"2025-12-10T17:58:30+00:00\",\"breadcrumb\":{\"@id\":\"https:\\\/\\\/efape.educacao.sp.gov.br\\\/educacaoespecial\\\/boletim\\\/#breadcrumb\"},\"inLanguage\":\"pt-BR\",\"potentialAction\":[{\"@type\":\"ReadAction\",\"target\":[\"https:\\\/\\\/efape.educacao.sp.gov.br\\\/educacaoespecial\\\/boletim\\\/\"]}]},{\"@type\":\"ImageObject\",\"inLanguage\":\"pt-BR\",\"@id\":\"https:\\\/\\\/efape.educacao.sp.gov.br\\\/educacaoespecial\\\/boletim\\\/#primaryimage\",\"url\":\"https:\\\/\\\/efape.educacao.sp.gov.br\\\/educacaoespecial\\\/wp-content\\\/uploads\\\/elementor\\\/thumbs\\\/hero_capas2-rfyni1ik89irss89jnl286fdkezwvczmue2ldawqgc.png\",\"contentUrl\":\"https:\\\/\\\/efape.educacao.sp.gov.br\\\/educacaoespecial\\\/wp-content\\\/uploads\\\/elementor\\\/thumbs\\\/hero_capas2-rfyni1ik89irss89jnl286fdkezwvczmue2ldawqgc.png\"},{\"@type\":\"BreadcrumbList\",\"@id\":\"https:\\\/\\\/efape.educacao.sp.gov.br\\\/educacaoespecial\\\/boletim\\\/#breadcrumb\",\"itemListElement\":[{\"@type\":\"ListItem\",\"position\":1,\"name\":\"In\u00edcio\",\"item\":\"https:\\\/\\\/efape.educacao.sp.gov.br\\\/educacaoespecial\\\/\"},{\"@type\":\"ListItem\",\"position\":2,\"name\":\"Boletim\"}]},{\"@type\":\"WebSite\",\"@id\":\"https:\\\/\\\/efape.educacao.sp.gov.br\\\/educacaoespecial\\\/#website\",\"url\":\"https:\\\/\\\/efape.educacao.sp.gov.br\\\/educacaoespecial\\\/\",\"name\":\"Educa\u00e7\u00e3o Especial\",\"description\":\"Site dedicado \u00e0 Educa\u00e7\u00e3o Especial\",\"potentialAction\":[{\"@type\":\"SearchAction\",\"target\":{\"@type\":\"EntryPoint\",\"urlTemplate\":\"https:\\\/\\\/efape.educacao.sp.gov.br\\\/educacaoespecial\\\/?s={search_term_string}\"},\"query-input\":{\"@type\":\"PropertyValueSpecification\",\"valueRequired\":true,\"valueName\":\"search_term_string\"}}],\"inLanguage\":\"pt-BR\"}]}<\/script>\n<!-- \/ Yoast SEO plugin. -->","yoast_head_json":{"title":"Boletim - Educa\u00e7\u00e3o Especial","robots":{"index":"index","follow":"follow","max-snippet":"max-snippet:-1","max-image-preview":"max-image-preview:large","max-video-preview":"max-video-preview:-1"},"canonical":"https:\/\/efape.educacao.sp.gov.br\/educacaoespecial\/boletim\/","og_locale":"pt_BR","og_type":"article","og_title":"Boletim - Educa\u00e7\u00e3o Especial","og_description":"boletim do gabinete Toda sexta-feira, a Diretoria de Educa\u00e7\u00e3o Especial e Inclus\u00e3o de S\u00e3o Paulo compartilha as principais novidades da Rede de Ensino: atualiza\u00e7\u00f5es do trabalho realizado nas escolas, hist\u00f3rias inspiradoras e novas perspectivas sobre inclus\u00e3o. Acompanhe e mantenha-se informado. Edi\u00e7\u00f5es anteriores Confira as edi\u00e7\u00f5es anteriores do boletim Perdeu alguma edi\u00e7\u00e3o ou quer revisitar um [&hellip;]","og_url":"https:\/\/efape.educacao.sp.gov.br\/educacaoespecial\/boletim\/","og_site_name":"Educa\u00e7\u00e3o Especial","article_modified_time":"2025-12-10T17:58:30+00:00","og_image":[{"url":"https:\/\/efape.educacao.sp.gov.br\/educacaoespecial\/wp-content\/uploads\/elementor\/thumbs\/hero_capas2-rfyni1ik89irss89jnl286fdkezwvczmue2ldawqgc.png","type":"","width":"","height":""}],"twitter_card":"summary_large_image","twitter_misc":{"Est. tempo de leitura":"1 minuto"},"schema":{"@context":"https:\/\/schema.org","@graph":[{"@type":"WebPage","@id":"https:\/\/efape.educacao.sp.gov.br\/educacaoespecial\/boletim\/","url":"https:\/\/efape.educacao.sp.gov.br\/educacaoespecial\/boletim\/","name":"Boletim - Educa\u00e7\u00e3o Especial","isPartOf":{"@id":"https:\/\/efape.educacao.sp.gov.br\/educacaoespecial\/#website"},"primaryImageOfPage":{"@id":"https:\/\/efape.educacao.sp.gov.br\/educacaoespecial\/boletim\/#primaryimage"},"image":{"@id":"https:\/\/efape.educacao.sp.gov.br\/educacaoespecial\/boletim\/#primaryimage"},"thumbnailUrl":"https:\/\/efape.educacao.sp.gov.br\/educacaoespecial\/wp-content\/uploads\/elementor\/thumbs\/hero_capas2-rfyni1ik89irss89jnl286fdkezwvczmue2ldawqgc.png","datePublished":"2025-12-10T17:56:21+00:00","dateModified":"2025-12-10T17:58:30+00:00","breadcrumb":{"@id":"https:\/\/efape.educacao.sp.gov.br\/educacaoespecial\/boletim\/#breadcrumb"},"inLanguage":"pt-BR","potentialAction":[{"@type":"ReadAction","target":["https:\/\/efape.educacao.sp.gov.br\/educacaoespecial\/boletim\/"]}]},{"@type":"ImageObject","inLanguage":"pt-BR","@id":"https:\/\/efape.educacao.sp.gov.br\/educacaoespecial\/boletim\/#primaryimage","url":"https:\/\/efape.educacao.sp.gov.br\/educacaoespecial\/wp-content\/uploads\/elementor\/thumbs\/hero_capas2-rfyni1ik89irss89jnl286fdkezwvczmue2ldawqgc.png","contentUrl":"https:\/\/efape.educacao.sp.gov.br\/educacaoespecial\/wp-content\/uploads\/elementor\/thumbs\/hero_capas2-rfyni1ik89irss89jnl286fdkezwvczmue2ldawqgc.png"},{"@type":"BreadcrumbList","@id":"https:\/\/efape.educacao.sp.gov.br\/educacaoespecial\/boletim\/#breadcrumb","itemListElement":[{"@type":"ListItem","position":1,"name":"In\u00edcio","item":"https:\/\/efape.educacao.sp.gov.br\/educacaoespecial\/"},{"@type":"ListItem","position":2,"name":"Boletim"}]},{"@type":"WebSite","@id":"https:\/\/efape.educacao.sp.gov.br\/educacaoespecial\/#website","url":"https:\/\/efape.educacao.sp.gov.br\/educacaoespecial\/","name":"Educa\u00e7\u00e3o Especial","description":"Site dedicado \u00e0 Educa\u00e7\u00e3o Especial","potentialAction":[{"@type":"SearchAction","target":{"@type":"EntryPoint","urlTemplate":"https:\/\/efape.educacao.sp.gov.br\/educacaoespecial\/?s={search_term_string}"},"query-input":{"@type":"PropertyValueSpecification","valueRequired":true,"valueName":"search_term_string"}}],"inLanguage":"pt-BR"}]}},"_links":{"self":[{"href":"https:\/\/efape.educacao.sp.gov.br\/educacaoespecial\/wp-json\/wp\/v2\/pages\/1803","targetHints":{"allow":["GET"]}}],"collection":[{"href":"https:\/\/efape.educacao.sp.gov.br\/educacaoespecial\/wp-json\/wp\/v2\/pages"}],"about":[{"href":"https:\/\/efape.educacao.sp.gov.br\/educacaoespecial\/wp-json\/wp\/v2\/types\/page"}],"author":[{"embeddable":true,"href":"https:\/\/efape.educacao.sp.gov.br\/educacaoespecial\/wp-json\/wp\/v2\/users\/2"}],"replies":[{"embeddable":true,"href":"https:\/\/efape.educacao.sp.gov.br\/educacaoespecial\/wp-json\/wp\/v2\/comments?post=1803"}],"version-history":[{"count":10,"href":"https:\/\/efape.educacao.sp.gov.br\/educacaoespecial\/wp-json\/wp\/v2\/pages\/1803\/revisions"}],"predecessor-version":[{"id":1815,"href":"https:\/\/efape.educacao.sp.gov.br\/educacaoespecial\/wp-json\/wp\/v2\/pages\/1803\/revisions\/1815"}],"wp:attachment":[{"href":"https:\/\/efape.educacao.sp.gov.br\/educacaoespecial\/wp-json\/wp\/v2\/media?parent=1803"}],"curies":[{"name":"wp","href":"https:\/\/api.w.org\/{rel}","templated":true}]}}